{"id":14,"date":"2022-01-18T10:57:59","date_gmt":"2022-01-18T09:57:59","guid":{"rendered":"https:\/\/www.tiermuetzen.de\/?page_id=14"},"modified":"2022-01-18T11:29:36","modified_gmt":"2022-01-18T10:29:36","slug":"startseite","status":"publish","type":"page","link":"https:\/\/www.tiermuetzen.de\/","title":{"rendered":"Startseite"},"content":{"rendered":"\n<div class=\"wp-block-cover has-custom-content-position is-position-center-right\"><img loading=\"lazy\" width=\"1315\" height=\"284\" class=\"wp-block-cover__image-background wp-image-42\" alt=\"\" src=\"https:\/\/www.tiermuetzen.de\/wp-content\/uploads\/2022\/01\/tiermuetzen.jpg\" style=\"object-position:48% 40%\" data-object-fit=\"cover\" data-object-position=\"48% 40%\" srcset=\"https:\/\/www.tiermuetzen.de\/wp-content\/uploads\/2022\/01\/tiermuetzen.jpg 1315w, https:\/\/www.tiermuetzen.de\/wp-content\/uploads\/2022\/01\/tiermuetzen-300x65.jpg 300w, https:\/\/www.tiermuetzen.de\/wp-content\/uploads\/2022\/01\/tiermuetzen-1024x221.jpg 1024w, https:\/\/www.tiermuetzen.de\/wp-content\/uploads\/2022\/01\/tiermuetzen-768x166.jpg 768w\" sizes=\"(max-width: 1315px) 100vw, 1315px\" \/><div class=\"wp-block-cover__inner-container\">\n<p class=\"has-text-align-center has-contrast-2-color has-text-color has-medium-font-size\"><\/p>\n<\/div><\/div>\n\n\n\n<div style=\"height:53px\" aria-hidden=\"true\" class=\"wp-block-spacer\"><\/div>\n\n\n\n<div class=\"wp-block-columns\">\n<div class=\"wp-block-column\" style=\"flex-basis:25%\"><\/div>\n\n\n\n<div class=\"wp-block-column\" style=\"flex-basis:50%\">\n<h1>Willkommen bei Tiermuetzen.de<\/h1>\n<\/div>\n\n\n\n<div class=\"wp-block-column\" style=\"flex-basis:25%\">\n<div class=\"wp-block-columns\">\n<div class=\"wp-block-column\" style=\"flex-basis:100%\"><\/div>\n<\/div>\n<\/div>\n<\/div>\n\n\n\n<div class=\"wp-block-columns are-vertically-aligned-top\">\n<div class=\"wp-block-column is-vertically-aligned-top\" style=\"flex-basis:25%\"><\/div>\n\n\n\n<div class=\"wp-block-column is-vertically-aligned-top\" style=\"flex-basis:50%\">\n<p>Tierm\u00fctzen sind das aktuelle Nummer 1 Accessoire f\u00fcr die kalte Jahreszeit! Und wenn schon Tierm\u00fctze, dann lieber gleich das Original von deLux Knitwear, dem Erfinder der drolligen M\u00fctzen! Tierm\u00fctzen, Sesamstra\u00dfenm\u00fctzen f\u00fcr Erwachsene und Kinder sowie Beanies f\u00fcr Kleinkinder! Bei uns finden Sie exklusiv die originellsten M\u00fctzen!<\/p>\n<\/div>\n\n\n\n<div class=\"wp-block-column is-vertically-aligned-top\" style=\"flex-basis:25%\">\n<h2>Kontakt zu uns?<\/h2>\n\n\n\n<p>Gern per Email an <a href=\"mailto:info@tiermuetzen.de\">info@tiermuetzen.de<\/a><\/p>\n<\/div>\n<\/div>\n","protected":false},"excerpt":{"rendered":"<p>Willkommen bei Tiermuetzen.de Tierm\u00fctzen sind das aktuelle Nummer 1 Accessoire f\u00fcr die kalte Jahreszeit! Und wenn schon Tierm\u00fctze, dann lieber gleich das Original von deLux Knitwear, dem Erfinder der drolligen M\u00fctzen! Tierm\u00fctzen, Sesamstra\u00dfenm\u00fctzen f\u00fcr Erwachsene und Kinder sowie Beanies f\u00fcr Kleinkinder! Bei uns finden Sie exklusiv die originellsten M\u00fctzen! Kontakt zu uns? Gern per Email &#8230; <a title=\"Startseite\" class=\"read-more\" href=\"https:\/\/www.tiermuetzen.de\/\" aria-label=\"Mehr dazu unter Startseite\">Weiterlesen<\/a><\/p>\n","protected":false},"author":1,"featured_media":0,"parent":0,"menu_order":0,"comment_status":"closed","ping_status":"closed","template":"","meta":[],"_links":{"self":[{"href":"https:\/\/www.tiermuetzen.de\/index.php?rest_route=\/wp\/v2\/pages\/14"}],"collection":[{"href":"https:\/\/www.tiermuetzen.de\/index.php?rest_route=\/wp\/v2\/pages"}],"about":[{"href":"https:\/\/www.tiermuetzen.de\/index.php?rest_route=\/wp\/v2\/types\/page"}],"author":[{"embeddable":true,"href":"https:\/\/www.tiermuetzen.de\/index.php?rest_route=\/wp\/v2\/users\/1"}],"replies":[{"embeddable":true,"href":"https:\/\/www.tiermuetzen.de\/index.php?rest_route=%2Fwp%2Fv2%2Fcomments&post=14"}],"version-history":[{"count":13,"href":"https:\/\/www.tiermuetzen.de\/index.php?rest_route=\/wp\/v2\/pages\/14\/revisions"}],"predecessor-version":[{"id":53,"href":"https:\/\/www.tiermuetzen.de\/index.php?rest_route=\/wp\/v2\/pages\/14\/revisions\/53"}],"wp:attachment":[{"href":"https:\/\/www.tiermuetzen.de\/index.php?rest_route=%2Fwp%2Fv2%2Fmedia&parent=14"}],"curies":[{"name":"wp","href":"https:\/\/api.w.org\/{rel}","templated":true}]}}